{"id":41,"date":"2016-10-03T20:54:37","date_gmt":"2016-10-03T18:54:37","guid":{"rendered":"http:\/\/feuerwehr-see.de\/ffw\/?page_id=41"},"modified":"2016-10-29T22:32:52","modified_gmt":"2016-10-29T20:32:52","slug":"patenbitten-bei-ff-lupburg","status":"publish","type":"page","link":"http:\/\/www.feuerwehr-see.de\/?page_id=41","title":{"rendered":"Patenbitten bei FF Lupburg"},"content":{"rendered":"<p align=\"center\">Am Samstag den 22. November 2008 trafen sich die Feuerwehrler der FF See und einige Dorfbewohner bei starkem Schneetreiben, um ins ein Kilometer entfernte Lupburg zum Patenbitten zu marschieren.<\/p>\n<p>&nbsp;<\/p>\n<div style=\"text-align: center;\"><img loading=\"lazy\" src=\"http:\/\/feuerwehr-see.de\/wp-content\/uploads\/patenbitten-005.jpg\" width=\"442\" height=\"329\" border=\"0\" \/><\/div>\n<p>&nbsp;<\/p>\n<p align=\"center\">Im Gep\u00e4ck: Musik von &#8222;Spitzerer &amp; Friends&#8220;, die Festdamen die von La\u00dfleben Fritz seinem Porsche-Oldtimer auf einem Leiterwagen gezogen wurden, zwei Fa\u00df &#8222;Glossner-Bier&#8220; und jede Menge Fu\u00dfvolk, das der Vorstandschaft beim Patenbitten beistand.<\/p>\n<p align=\"center\">Dort angekommen, wurde man schon von der Patenwehr erwartet, aufgrund des schlechten Wetters ging man zum Bitten in den Saal der Gastst\u00e4tte &#8222;Schwabn Schmied&#8220;.<\/p>\n<p align=\"center\">Mit folgenden Worten bat man um die Patenschaft:<\/p>\n<p>&nbsp;<\/p>\n<p style=\"text-align: center;\"><u><strong>FF Lupburg:<\/strong><\/u><\/p>\n<p style=\"text-align: center;\">Gr\u00fc\u00df Gott ihr See\u00b4rer Feierwehrleit,<\/p>\n<p style=\"text-align: center;\">Wos kimma fir eich tou, dass ihr nach Lupburg kumma seids heit?<\/p>\n<p style=\"text-align: center;\">Wos habt\u00b4s f\u00fcr a Bitt, mir san scho ganz Ohr,<\/p>\n<p style=\"text-align: center;\">mia san bereit, iatz dragts es nur vor.<\/p>\n<p style=\"text-align: center;\"><u><strong>Festdamen FF See:<\/strong><\/u><\/p>\n<p style=\"text-align: center;\">Wir sind heut zu Euch nach Lupburg in h\u00f6chster Not,<\/p>\n<p style=\"text-align: center;\">doch dagen wir zuerst einmal herzlich Gr\u00fc\u00df Gott.<\/p>\n<p style=\"text-align: center;\">Schon lange Zeit wissen wir\u00b4s, erst heut\u00b4 haben wir den Mut<\/p>\n<p style=\"text-align: center;\">Euch zu sagen wo uns der Schuh dr\u00fccken tut.<\/p>\n<p style=\"text-align: center;\">Ihr wisst es schon lange, ihr Jungen, ihr Alten,<\/p>\n<p style=\"text-align: center;\">wir wollen im n\u00e4chsten Jahr unser Gr\u00fcndungsfest halten.<\/p>\n<p style=\"text-align: center;\">Dazu braucht man nat\u00fcrlich, wie k\u00f6nnt es anders sein<\/p>\n<p style=\"text-align: center;\">schon seit jeher einen Patenverein.<\/p>\n<p style=\"text-align: center;\">Wir m\u00f6chten uns um Euch bem\u00fchn,<\/p>\n<p style=\"text-align: center;\">und notfalls sogar Scheidlknien.<\/p>\n<p style=\"text-align: center;\">Drum bitten wir Euch Lupburger Feuerwehr,<\/p>\n<p style=\"text-align: center;\">macht uns den Paten, das w\u00fcrde uns freuen sehr.<\/p>\n<p style=\"text-align: center;\">Kommt alle recht zahlreich im Juni n\u00e4chsts Johr,<\/p>\n<p style=\"text-align: center;\">dann feiern ma a Fest ja des is gwis wor.<\/p>\n<p style=\"text-align: center;\">Drum wieder die Bitte, macht\u00b4 uns die Freude,<\/p>\n<p style=\"text-align: center;\">wir sagen Dankesch\u00f6n daf\u00fcr schon heute.<\/p>\n<p style=\"text-align: center;\"><u><strong>Vorstand FF See:<\/strong><\/u><\/p>\n<p style=\"text-align: center;\">125 Jahre ist es her<\/p>\n<p style=\"text-align: center;\">seit in See die Feuerwehr<\/p>\n<p style=\"text-align: center;\">zusammenkam und sich formierte,<\/p>\n<p style=\"text-align: center;\">was zur Gr\u00fcndung damals f\u00fchrte.<\/p>\n<p style=\"text-align: center;\">Wir nun als Nachkommen<\/p>\n<p style=\"text-align: center;\">haben dieses Erbe \u00fcbernommen,<\/p>\n<p style=\"text-align: center;\">dem Leitspruch alter Zeit getreu,<\/p>\n<p style=\"text-align: center;\">die Jahre hindurch und stets aufs neu<\/p>\n<p style=\"text-align: center;\">Gott zur Ehr<\/p>\n<p style=\"text-align: center;\">und seit jeher dem N\u00e4chsten zur Wehr.<\/p>\n<p style=\"text-align: center;\">Die Jahre vergingen, sie zogen ins Land<\/p>\n<p style=\"text-align: center;\">und unsere Wehr hat noch immer Bestand.<\/p>\n<p style=\"text-align: center;\"><u><strong>Festmutter:<\/strong><\/u><\/p>\n<p style=\"text-align: center;\">So wollen wir in Dankbarkeit<\/p>\n<p style=\"text-align: center;\">f\u00fcr die vergangene lange Zeit<\/p>\n<p style=\"text-align: center;\">das Jubeljahr gestalten,<\/p>\n<p style=\"text-align: center;\">dazu ein frohes Fest abhalten.<\/p>\n<p style=\"text-align: center;\">Im Juni n\u00e4chsts Johr da wird es sein,<\/p>\n<p style=\"text-align: center;\">da laden wir uns viele G\u00e4ste ein.<\/p>\n<p style=\"text-align: center;\">Deshalb liebe Kameraden<\/p>\n<p style=\"text-align: center;\">seid Ihr herzlich eingeladen.<\/p>\n<p style=\"text-align: center;\">Mit der Bitte obendrein,<\/p>\n<p style=\"text-align: center;\">Pate bei unserem Fest zu sein.<\/p>\n<p style=\"text-align: center;\">So sind wir vor Euch angetreten<\/p>\n<p style=\"text-align: center;\">und h\u00e4tten gern darum gebeten.<\/p>\n<p style=\"text-align: center;\"><u><strong>Kommandant FF See:<\/strong><\/u><\/p>\n<p style=\"text-align: center;\">Um unser Bitte\u00a0 Ausdruck zu verleih\u00b4n<\/p>\n<p style=\"text-align: center;\">kommen wir heut nicht allein.<\/p>\n<p style=\"text-align: center;\">So d\u00fcrfen wir pr\u00e4sentieren<\/p>\n<p style=\"text-align: center;\">Festdamen, die das Fest verzieren.<\/p>\n<p style=\"text-align: center;\">Und schlie\u00dflich noch &#8211; drauf ist Verlass<\/p>\n<p style=\"text-align: center;\">Glossner Bier &#8211; zwei ganze Fass.<\/p>\n<p style=\"text-align: center;\">Hergestellt nach altem Brauch,<\/p>\n<p style=\"text-align: center;\">wohl bekomm\u00b4s Euch &#8211; und uns auch.<\/p>\n<p style=\"text-align: center;\"><u><strong>Vorstand FF See:<\/strong><\/u><\/p>\n<p style=\"text-align: center;\">Drum bitten wir f\u00fcr die Feuerwehrnachbarschaft:<\/p>\n<p style=\"text-align: center;\">&#8222;\u00dcbernehmt\u00b4s doch bitte die Patenschaft&#8220;.<\/p>\n<p style=\"text-align: center;\">Zerknirscht knien wir im Staub<\/p>\n<p style=\"text-align: center;\">und fragen Euch mit Verlaub:<\/p>\n<p style=\"text-align: center;\">Oh erh\u00f6ret unser Bitten,<\/p>\n<p style=\"text-align: center;\">wir haben schon genug gelitten.<\/p>\n<p style=\"text-align: center;\">Denn unsere Knie, oh Weh, oh Graus,<\/p>\n<p style=\"text-align: center;\">die halten\u00b4s nimmer l\u00e4nger aus.<\/p>\n<p style=\"text-align: center;\"><u><strong>Vorstand, Kommandant und Festmutter:<\/strong><\/u><\/p>\n<p style=\"text-align: center;\">Gar herzlich bitten wir,<\/p>\n<p style=\"text-align: center;\">so bringt\u00b4s uns wenigstens ein Bier<\/p>\n<p style=\"text-align: center;\">und lasst uns aufsteh\u00b4n es zu kosten<\/p>\n<p style=\"text-align: center;\">um auf die Patenschaft zu prosten.<\/p>\n<p style=\"text-align: center;\">Kommt als Paten und seid unsere G\u00e4ste<\/p>\n<p style=\"text-align: center;\">bei unserem Jubelfeste.<\/p>\n<p style=\"text-align: center;\"><u><strong>Vorstand FF Lupburg:<\/strong><\/u><\/p>\n<p style=\"text-align: center;\">Als Vorstand sag ich herzlichen Dank,<\/p>\n<p style=\"text-align: center;\">dass zu uns kumma seids zum Bitten.<\/p>\n<p style=\"text-align: center;\">Jetzt derfts afsteh vo de Scheidl,<\/p>\n<p style=\"text-align: center;\">lang gnua habts scho glitten.<\/p>\n<p style=\"text-align: center;\">An Paten machma des is f\u00fcr uns a gro\u00dfe Ehr,<\/p>\n<p style=\"text-align: center;\">mir kumma auf Euer Fest mit der ganzen Wehr.<\/p>\n<p style=\"text-align: center;\">Mir w\u00fcnschen Euch a gute Hand,<\/p>\n<p style=\"text-align: center;\">und an guaten Zusammenstand.<\/p>\n<p style=\"text-align: center;\">A sch\u00f6nes Wetter, ja koan Reg\u00b4n<\/p>\n<p style=\"text-align: center;\">und vor allem Gottes Seg\u00b4n.<\/p>\n<p style=\"text-align: center;\">Tragts die Fahna stolz mit unserem Patenband<\/p>\n<p style=\"text-align: center;\">durch unser sch\u00f6nes Bayernland.<\/p>\n<p>&nbsp;<\/p>\n<p>&nbsp;<\/p>\n<div style=\"text-align: center;\"><img loading=\"lazy\" class=\"alignnone wp-image-235\" src=\"http:\/\/feuerwehr-see.de\/wp-content\/uploads\/patenbitten_045.jpg\" alt=\"patenbitten_045\" width=\"545\" height=\"408\" srcset=\"http:\/\/www.feuerwehr-see.de\/wp-content\/uploads\/patenbitten_045.jpg 640w, http:\/\/www.feuerwehr-see.de\/wp-content\/uploads\/patenbitten_045-300x225.jpg 300w\" sizes=\"(max-width: 545px) 100vw, 545px\" \/><\/div>\n<h5 align=\"center\">\u00a0Vorstand Georg Mirbeth, Festmutter Roswitha Uhl und Kommandant Thomas Bauer beim Scheidlknien<\/h5>\n<p>&nbsp;<\/p>\n<p align=\"center\">Wie es sich geh\u00f6rt, wurde im Anschlu\u00df an das Bitten mit einer Brotzeit<\/p>\n<p align=\"center\">und ein paar halben Bier kr\u00e4ftig auf die Patenschaft angesto\u00dfen.<\/p>\n<p>&nbsp;<\/p>\n<div style=\"text-align: center;\"><img loading=\"lazy\" src=\"http:\/\/feuerwehr-see.de\/wp-content\/uploads\/patenbitten%20113.jpg\" width=\"492\" height=\"367\" border=\"0\" \/><\/div>\n<p>&nbsp;<\/p>\n<div style=\"text-align: center;\"><img loading=\"lazy\" src=\"http:\/\/feuerwehr-see.de\/wp-content\/uploads\/patenbitten-048.jpg\" width=\"489\" height=\"365\" border=\"0\" \/><\/div>\n<div style=\"text-align: center;\"><\/div>\n<div style=\"text-align: center;\"><\/div>\n<p>&nbsp;<\/p>\n<p>&nbsp;<\/p>\n<p align=\"center\">Der ganze Abend wurde von &#8222;Spizerer &amp; Friends&#8220; musikalisch mit Quetschn, Gitarre und Posaune unterhalten. Aufgelockert wurde das Ganze von einigen Spielchen und Wettk\u00e4mpfen, die sowohl von der FF See als auch von der FF Lupburg zu Bestehen waren.<\/p>\n<p>&nbsp;<\/p>\n<p>&nbsp;<\/p>\n<p>&nbsp;<\/p>\n","protected":false},"excerpt":{"rendered":"<p class=\"excerpt\">Am Samstag den 22. November 2008 trafen sich die Feuerwehrler der FF See und einige Dorfbewohner bei starkem Schneetreiben, um ins ein Kilometer entfernte Lupburg zum Patenbitten zu marschieren. &nbsp; &nbsp; Im Gep\u00e4ck: Musik von &#8222;Spitzerer &amp; Friends&#8220;, die Festdamen die von La\u00dfleben Fritz seinem Porsche-Oldtimer auf einem Leiterwagen gezogen wurden, zwei Fa\u00df &#8222;Glossner-Bier&#8220; und jede Menge Fu\u00dfvolk, das der&hellip; <a href=\"http:\/\/www.feuerwehr-see.de\/?page_id=41\">Read more &rarr;<\/a><\/p>\n","protected":false},"author":1,"featured_media":0,"parent":35,"menu_order":0,"comment_status":"closed","ping_status":"closed","template":"","meta":[],"_links":{"self":[{"href":"http:\/\/www.feuerwehr-see.de\/index.php?rest_route=\/wp\/v2\/pages\/41"}],"collection":[{"href":"http:\/\/www.feuerwehr-see.de\/index.php?rest_route=\/wp\/v2\/pages"}],"about":[{"href":"http:\/\/www.feuerwehr-see.de\/index.php?rest_route=\/wp\/v2\/types\/page"}],"author":[{"embeddable":true,"href":"http:\/\/www.feuerwehr-see.de\/index.php?rest_route=\/wp\/v2\/users\/1"}],"replies":[{"embeddable":true,"href":"http:\/\/www.feuerwehr-see.de\/index.php?rest_route=%2Fwp%2Fv2%2Fcomments&post=41"}],"version-history":[{"count":7,"href":"http:\/\/www.feuerwehr-see.de\/index.php?rest_route=\/wp\/v2\/pages\/41\/revisions"}],"predecessor-version":[{"id":373,"href":"http:\/\/www.feuerwehr-see.de\/index.php?rest_route=\/wp\/v2\/pages\/41\/revisions\/373"}],"up":[{"embeddable":true,"href":"http:\/\/www.feuerwehr-see.de\/index.php?rest_route=\/wp\/v2\/pages\/35"}],"wp:attachment":[{"href":"http:\/\/www.feuerwehr-see.de\/index.php?rest_route=%2Fwp%2Fv2%2Fmedia&parent=41"}],"curies":[{"name":"wp","href":"https:\/\/api.w.org\/{rel}","templated":true}]}}